{"id":217,"date":"2015-06-29T05:37:25","date_gmt":"2015-06-29T05:37:25","guid":{"rendered":"http:\/\/www3.facturehoy.com\/?page_id=217"},"modified":"2020-08-03T20:49:52","modified_gmt":"2020-08-04T01:49:52","slug":"producto-retenciones-cfdi","status":"publish","type":"page","link":"https:\/\/www3.facturehoy.com\/home\/producto-retenciones-cfdi\/","title":{"rendered":"Producto &#8211; Retenciones CFDI"},"content":{"rendered":"<div id='secciontop'  class='avia-section main_color avia-section-no-padding avia-no-border-styling  avia-bg-style-scroll  avia-builder-el-0  el_before_av_section  avia-builder-el-first   container_wrap sidebar_right' style='background-color: #2faee0; background-repeat: repeat; background-image: url(https:\/\/www3.facturehoy.com\/wp-content\/uploads\/2019\/06\/head-base-1.png);background-attachment: scroll; background-position: top left;  '  data-section-bg-repeat='repeat'><div class='container' ><main  role=\"main\" itemprop=\"mainContentOfPage\"  class='template-page content  av-content-small alpha units'><div class='post-entry post-entry-type-page post-entry-217'><div class='entry-content-wrapper clearfix'>\n\n<\/div><\/div><\/main><!-- close content main element --><\/div><\/div><div id='av_section_2'  class='avia-section main_color avia-section-default avia-no-border-styling  avia-bg-style-scroll  avia-builder-el-2  el_after_av_section  el_before_av_one_full   av-minimum-height av-minimum-height-custom  container_wrap sidebar_right' style=' '  ><div class='container' style='height:300px'><div class='template-page content  av-content-small alpha units'><div class='post-entry post-entry-type-page post-entry-217'><div class='entry-content-wrapper clearfix'>\n<div  style='padding-bottom:10px; font-size:48px;' class='av-special-heading av-special-heading-h1  blockquote modern-quote  avia-builder-el-3  avia-builder-el-no-sibling  av-inherit-size '><h1 class='av-special-heading-tag '  itemprop=\"headline\"  >Constancias de<br \/>\nRetenciones CFDI.<\/h1><div class='special-heading-border'><div class='special-heading-inner-border' ><\/div><\/div><\/div>\n<\/div><\/div><\/div><!-- close content main div --><\/div><\/div><div id='after_section_2'  class='main_color av_default_container_wrap container_wrap sidebar_right' style=' '  ><div class='container' ><div class='template-page content  av-content-small alpha units'><div class='post-entry post-entry-type-page post-entry-217'><div class='entry-content-wrapper clearfix'><\/p>\n<div class=\"flex_column av_one_full  flex_column_div av-zero-column-padding first  avia-builder-el-4  el_after_av_section  el_before_av_one_third  avia-builder-el-first  \" style='margin-top:0px; margin-bottom:0px; border-radius:0px; '><section class=\"av_textblock_section \"  itemscope=\"itemscope\" itemtype=\"https:\/\/schema.org\/CreativeWork\" ><div class='avia_textblock  '   itemprop=\"text\" ><blockquote>\n<p>En FactureHoy desarrollamos e implementamos los complementos de retenciones definidos por el SAT para cubrir tus necesidades.<\/p>\n<\/blockquote>\n<div  class='avia-button-wrap avia-button-left  avia-builder-el-6  avia-builder-el-no-sibling ' ><a href='https:\/\/www3.facturehoy.com\/home\/contacto\/'  class='avia-button  avia-color-theme-color   avia-icon_select-no avia-size-large avia-position-left '   ><span class='avia_iconbox_title' >Cont\u00e1ctanos para mayor informaci\u00f3n<\/span><\/a><\/div>\n<p>En diciembre de 2014 el Servicio de Atenci\u00f3n Tributaria (SAT), a trav\u00e9s de la regla 2.7.5.4 Emisi\u00f3n de comprobantes y constancias de retenciones de contribuciones a trav\u00e9s de CFDI de la Resoluci\u00f3n Miscel\u00e1nea Fiscal para 2015, establece la obligaci\u00f3n de emisi\u00f3n del CFDI de retenciones para todos los contribuyentes que emiten retenciones e informaciones de pago. Este comprobante, debe ser remitido a un Proveedor Autorizado de Certificaci\u00f3n (PAC) para la incorporaci\u00f3n del timbre fiscal digital que lo certifica, previamente a su declaraci\u00f3n ante el SAT.<\/p>\n<h3>\u00bfQui\u00e9n las necesita?<\/h3>\n<p><strong>Aquellas empresas que reciben servicios personales independientes, usen o gocen temporalmente bienes prestados u otorgados por Personas F\u00edsicas. <\/strong>No es necesario realizarla si la retenci\u00f3n de impuestos ya se especifica en el recibo de n\u00f3mina del trabajador.<\/p>\n<h3>\u00bfQu\u00e9 es una constancia de retenci\u00f3n CFDI?<\/h3>\n<p>Una constancia de retenci\u00f3n CFDI es <strong>un comprobante fiscal digital, similar a la factura CFDI, que mediante el uso de diferentes complementos, contiene datos espec\u00edficos para diferentes tipos de retenciones e impuestos<\/strong> como Impuesto al Valor Agregado (IVA), Impuesto Sobre la Renta (ISR) e Impuesto Especial sobre Producci\u00f3n y Servicios (IEPS). Esta constancia se entrega al contribuyente por el pago de un servicio o la adquisici\u00f3n de un bien.<\/p>\n<h3>Complementos de los CFDI de retenciones:<\/h3>\n<\/div><\/section><\/div>\n<div class=\"flex_column av_one_third  flex_column_div av-zero-column-padding first  avia-builder-el-7  el_after_av_one_full  el_before_av_one_third  column-top-margin\" style='margin-top:20px; margin-bottom:0; border-radius:0px; '><section class=\"av_textblock_section \"  itemscope=\"itemscope\" itemtype=\"https:\/\/schema.org\/CreativeWork\" ><div class='avia_textblock  '   itemprop=\"text\" ><ul>\n<li>Arrendamiento en fideicomiso.<\/li>\n<li>Pagos a extranjeros.<\/li>\n<li>Premios.<\/li>\n<li>Fideicomiso no empresarial.<\/li>\n<\/ul>\n<\/div><\/section><\/div>\n<div class=\"flex_column av_one_third  flex_column_div av-zero-column-padding   avia-builder-el-9  el_after_av_one_third  el_before_av_one_third  column-top-margin\" style='margin-top:20px; margin-bottom:0; border-radius:0px; '><section class=\"av_textblock_section \"  itemscope=\"itemscope\" itemtype=\"https:\/\/schema.org\/CreativeWork\" ><div class='avia_textblock  '   itemprop=\"text\" ><ul>\n<li>Timbre Fiscal Digital.<\/li>\n<li>Enajenaci\u00f3n de acciones.<\/li>\n<li>Dividendos.<\/li>\n<li>Intereses.<\/li>\n<\/ul>\n<\/div><\/section><\/div>\n<div class=\"flex_column av_one_third  flex_column_div av-zero-column-padding   avia-builder-el-11  el_after_av_one_third  el_before_av_one_full  column-top-margin\" style='margin-top:20px; margin-bottom:0; border-radius:0px; '><section class=\"av_textblock_section \"  itemscope=\"itemscope\" itemtype=\"https:\/\/schema.org\/CreativeWork\" ><div class='avia_textblock  '   itemprop=\"text\" ><ul>\n<li>Planes de retiro.<\/li>\n<li>Intereses hipotecarios.<\/li>\n<li>Operaciones con derivados.<\/li>\n<li>Sector financiero.<\/li>\n<\/ul>\n<\/div><\/section><\/div>\n<div class=\"flex_column av_one_full  flex_column_div av-zero-column-padding first  avia-builder-el-13  el_after_av_one_third  el_before_av_one_half  column-top-margin\" style='border-radius:0px; '><p><div  class='avia-table main_color avia-pricing-table-container  avia_pricing_default   avia-builder-el-14  el_before_av_table  avia-builder-el-first  avia-table-1'  itemscope=\"itemscope\" itemtype=\"https:\/\/schema.org\/Table\" ><div class='pricing-table-wrap'><ul class='pricing-table '><li class='avia-heading-row'><div class='first-table-item'>Paquete 10 Folios<\/div><span class='pricing-extra'><\/span><\/li><li class='avia-pricing-row'><span class=\"currency-symbol\">$<\/span>129<br \/><\/li><li class=''>+ I.V.A.<\/li><li class=''>1 usuario<\/li><li class=''>1 Empresa<\/li><li class=''>Vigencia 1 a\u00f1o<\/li><li class=''>Resguardo 3 meses<\/li><li class=''>Cancelaci\u00f3n de documentos<\/li><li class=''>Reportes<\/li><\/ul><\/div><div class='pricing-table-wrap'><ul class='pricing-table '><li class='avia-heading-row'><div class='first-table-item'>Paquete 50 Folios<\/div><span class='pricing-extra'><\/span><\/li><li class='avia-pricing-row'><span class=\"currency-symbol\">$<\/span>499<br \/><\/li><li class=''>+ I.V.A.<\/li><li class=''>1 usuario<\/li><li class=''>1 Empresa<\/li><li class=''>Vigencia 1 a\u00f1o<\/li><li class=''>Resguardo 3 meses<\/li><li class=''>Cancelaci\u00f3n de documentos<\/li><li class=''>Reportes<\/li><\/ul><\/div><div class='pricing-table-wrap'><ul class='pricing-table '><li class='avia-heading-row'><div class='first-table-item'>Paquete 100 Folios<\/div><span class='pricing-extra'><\/span><\/li><li class='avia-pricing-row'><span class=\"currency-symbol\">$<\/span>899<br \/><\/li><li class=''>+ I.V.A.<\/li><li class=''>1 usuario<\/li><li class=''>1 Empresa<\/li><li class=''>Vigencia 1 a\u00f1o<\/li><li class=''>Resguardo 3 meses<\/li><li class=''>Cancelaci\u00f3n de documentos<\/li><li class=''>Reportes<\/li><\/ul><\/div><div class='pricing-table-wrap'><ul class='pricing-table '><li class='avia-heading-row'><div class='first-table-item'>Paquete 250 Folios<\/div><span class='pricing-extra'><\/span><\/li><li class='avia-pricing-row'><span class=\"currency-symbol\">$<\/span>1,299<br \/><\/li><li class=''>+ I.V.A.<\/li><li class=''>1 usuario<\/li><li class=''>1 Empresa<\/li><li class=''>Vigencia 1 a\u00f1o<\/li><li class=''>Resguardo 3 meses<\/li><li class=''>Cancelaci\u00f3n de documentos<\/li><li class=''>Reportes<\/li><\/ul><\/div><\/div><br \/>\n<div  class='avia-table main_color avia-pricing-table-container  avia_pricing_default   avia-builder-el-15  el_after_av_table  el_before_av_codeblock  avia-table-2'  itemscope=\"itemscope\" itemtype=\"https:\/\/schema.org\/Table\" ><div class='pricing-table-wrap'><ul class='pricing-table '><li class='avia-heading-row'><div class='first-table-item'>Paquete 500 Folios<\/div><span class='pricing-extra'><\/span><\/li><li class='avia-pricing-row'><span class=\"currency-symbol\">$<\/span>2,399<br \/><\/li><li class=''>+ I.V.A.<\/li><li class=''>1 usuario<\/li><li class=''>1 Empresa<\/li><li class=''>Vigencia 1 a\u00f1o<\/li><li class=''>Resguardo 3 meses<\/li><li class=''>Cancelaci\u00f3n de documentos<\/li><li class=''>Reportes<\/li><\/ul><\/div><div class='pricing-table-wrap'><ul class='pricing-table '><li class='avia-heading-row'><div class='first-table-item'>Paquete 1,000 Folios<\/div><span class='pricing-extra'><\/span><\/li><li class='avia-pricing-row'><span class=\"currency-symbol\">$<\/span>3,599<br \/><\/li><li class=''>+ I.V.A.<\/li><li class=''>1 usuario<\/li><li class=''>1 Empresa<\/li><li class=''>Vigencia 1 a\u00f1o<\/li><li class=''>Resguardo 3 meses<\/li><li class=''>Cancelaci\u00f3n de documentos<\/li><li class=''>Reportes<\/li><\/ul><\/div><div class='pricing-table-wrap'><ul class='pricing-table '><li class='avia-heading-row'><div class='first-table-item'>Paquete 2,500 Folios<\/div><span class='pricing-extra'><\/span><\/li><li class='avia-pricing-row'><span class=\"currency-symbol\">$<\/span>7,799<br \/><\/li><li class=''>+ I.V.A.<\/li><li class=''>1 usuario<\/li><li class=''>1 Empresa<\/li><li class=''>Vigencia 1 a\u00f1o<\/li><li class=''>Resguardo 3 meses<\/li><li class=''>Cancelaci\u00f3n de documentos<\/li><li class=''>Reportes<\/li><\/ul><\/div><\/div><br \/>\n<br \/>\n<\/p><\/div>\n<div class=\"flex_column av_one_half  flex_column_div av-zero-column-padding first  avia-builder-el-18  el_after_av_one_full  el_before_av_one_half  column-top-margin\" style='margin-top:0px; margin-bottom:0px; border-radius:0px; '><section class=\"av_textblock_section \"  itemscope=\"itemscope\" itemtype=\"https:\/\/schema.org\/CreativeWork\" ><div class='avia_textblock  '   itemprop=\"text\" ><h3>Soluci\u00f3n FactureHoy:<\/h3>\n<p>En FactureHoy <strong>desarrollamos e implementamos todos los complementos de retenciones CFDI<\/strong> definidas por el SAT para cubrir con las necesidades de nuestros clientes.<\/p>\n<p>Para mayores informes llena el formulario y un ejecutivo de ventas se comunicar\u00e1 contigo para ofrecerte una <strong>soluci\u00f3n a la medida de tus necesidades.<\/strong><\/p>\n<\/div><\/section><\/div>\n<div class=\"flex_column av_one_half  flex_column_div av-zero-column-padding   avia-builder-el-20  el_after_av_one_half  el_before_av_table  column-top-margin\" style='margin-top:0px; margin-bottom:0px; border-radius:0px; '><\/div>\n\n","protected":false},"excerpt":{"rendered":"","protected":false},"author":11,"featured_media":0,"parent":0,"menu_order":0,"comment_status":"closed","ping_status":"closed","template":"","meta":{"content-type":"","om_disable_all_campaigns":false,"_uf_show_specific_survey":0,"_uf_disable_surveys":false,"_joinchat":[],"footnotes":""},"class_list":["post-217","page","type-page","status-publish","hentry"],"yoast_head":"<!-- This site is optimized with the Yoast SEO plugin v27.4 - https:\/\/yoast.com\/product\/yoast-seo-wordpress\/ -->\n<title>Producto - Retenciones CFDI - FactureHoy<\/title>\n<meta name=\"description\" content=\"Retenciones fiscales.\u00a0En FactureHoy desarrollamos e implementamos los complementos de retenciones definidos por el SAT para cubrir tus necesidades.\" \/>\n<meta name=\"robots\" content=\"index, follow, max-snippet:-1, max-image-preview:large, max-video-preview:-1\" \/>\n<link rel=\"canonical\" href=\"https:\/\/www3.facturehoy.com\/home\/producto-retenciones-cfdi\/\" \/>\n<meta property=\"og:locale\" content=\"es_ES\" \/>\n<meta property=\"og:type\" content=\"article\" \/>\n<meta property=\"og:title\" content=\"Producto - Retenciones CFDI - FactureHoy\" \/>\n<meta property=\"og:description\" content=\"Retenciones fiscales.\u00a0En FactureHoy desarrollamos e implementamos los complementos de retenciones definidos por el SAT para cubrir tus necesidades.\" \/>\n<meta property=\"og:url\" content=\"https:\/\/www3.facturehoy.com\/home\/producto-retenciones-cfdi\/\" \/>\n<meta property=\"og:site_name\" content=\"FactureHoy\" \/>\n<meta property=\"article:publisher\" content=\"https:\/\/www.facebook.com\/facturehoy\" \/>\n<meta property=\"article:modified_time\" content=\"2020-08-04T01:49:52+00:00\" \/>\n<meta property=\"og:image\" content=\"https:\/\/www3.facturehoy.com\/wp-content\/uploads\/2018\/02\/head01.png\" \/>\n<meta name=\"twitter:card\" content=\"summary_large_image\" \/>\n<meta name=\"twitter:site\" content=\"@FactureHoy\" \/>\n<meta name=\"twitter:label1\" content=\"Tiempo de lectura\" \/>\n\t<meta name=\"twitter:data1\" content=\"9 minutos\" \/>\n<script type=\"application\/ld+json\" class=\"yoast-schema-graph\">{\"@context\":\"https:\\\/\\\/schema.org\",\"@graph\":[{\"@type\":\"WebPage\",\"@id\":\"https:\\\/\\\/www3.facturehoy.com\\\/home\\\/producto-retenciones-cfdi\\\/\",\"url\":\"https:\\\/\\\/www3.facturehoy.com\\\/home\\\/producto-retenciones-cfdi\\\/\",\"name\":\"Producto - Retenciones CFDI - FactureHoy\",\"isPartOf\":{\"@id\":\"https:\\\/\\\/www3.facturehoy.com\\\/home\\\/#website\"},\"primaryImageOfPage\":{\"@id\":\"https:\\\/\\\/www3.facturehoy.com\\\/home\\\/producto-retenciones-cfdi\\\/#primaryimage\"},\"image\":{\"@id\":\"https:\\\/\\\/www3.facturehoy.com\\\/home\\\/producto-retenciones-cfdi\\\/#primaryimage\"},\"thumbnailUrl\":\"https:\\\/\\\/www3.facturehoy.com\\\/wp-content\\\/uploads\\\/2018\\\/02\\\/head01.png\",\"datePublished\":\"2015-06-29T05:37:25+00:00\",\"dateModified\":\"2020-08-04T01:49:52+00:00\",\"description\":\"Retenciones fiscales.\u00a0En FactureHoy desarrollamos e implementamos los complementos de retenciones definidos por el SAT para cubrir tus necesidades.\",\"breadcrumb\":{\"@id\":\"https:\\\/\\\/www3.facturehoy.com\\\/home\\\/producto-retenciones-cfdi\\\/#breadcrumb\"},\"inLanguage\":\"es\",\"potentialAction\":[{\"@type\":\"ReadAction\",\"target\":[\"https:\\\/\\\/www3.facturehoy.com\\\/home\\\/producto-retenciones-cfdi\\\/\"]}]},{\"@type\":\"ImageObject\",\"inLanguage\":\"es\",\"@id\":\"https:\\\/\\\/www3.facturehoy.com\\\/home\\\/producto-retenciones-cfdi\\\/#primaryimage\",\"url\":\"https:\\\/\\\/www3.facturehoy.com\\\/wp-content\\\/uploads\\\/2018\\\/02\\\/head01.png\",\"contentUrl\":\"https:\\\/\\\/www3.facturehoy.com\\\/wp-content\\\/uploads\\\/2018\\\/02\\\/head01.png\"},{\"@type\":\"BreadcrumbList\",\"@id\":\"https:\\\/\\\/www3.facturehoy.com\\\/home\\\/producto-retenciones-cfdi\\\/#breadcrumb\",\"itemListElement\":[{\"@type\":\"ListItem\",\"position\":1,\"name\":\"Portada\",\"item\":\"https:\\\/\\\/www3.facturehoy.com\\\/home\\\/home\\\/\"},{\"@type\":\"ListItem\",\"position\":2,\"name\":\"Producto &#8211; Retenciones CFDI\"}]},{\"@type\":\"WebSite\",\"@id\":\"https:\\\/\\\/www3.facturehoy.com\\\/home\\\/#website\",\"url\":\"https:\\\/\\\/www3.facturehoy.com\\\/home\\\/\",\"name\":\"FactureHoy\",\"description\":\"Facturar en L\u00ednea\",\"publisher\":{\"@id\":\"https:\\\/\\\/www3.facturehoy.com\\\/home\\\/#organization\"},\"potentialAction\":[{\"@type\":\"SearchAction\",\"target\":{\"@type\":\"EntryPoint\",\"urlTemplate\":\"https:\\\/\\\/www3.facturehoy.com\\\/home\\\/?s={search_term_string}\"},\"query-input\":{\"@type\":\"PropertyValueSpecification\",\"valueRequired\":true,\"valueName\":\"search_term_string\"}}],\"inLanguage\":\"es\"},{\"@type\":\"Organization\",\"@id\":\"https:\\\/\\\/www3.facturehoy.com\\\/home\\\/#organization\",\"name\":\"FactureHoy\",\"url\":\"https:\\\/\\\/www3.facturehoy.com\\\/home\\\/\",\"logo\":{\"@type\":\"ImageObject\",\"inLanguage\":\"es\",\"@id\":\"https:\\\/\\\/www3.facturehoy.com\\\/home\\\/#\\\/schema\\\/logo\\\/image\\\/\",\"url\":\"https:\\\/\\\/www3.facturehoy.com\\\/wp-content\\\/uploads\\\/2019\\\/06\\\/NUEVO-PAGINA-LOGO-Recuperado.png\",\"contentUrl\":\"https:\\\/\\\/www3.facturehoy.com\\\/wp-content\\\/uploads\\\/2019\\\/06\\\/NUEVO-PAGINA-LOGO-Recuperado.png\",\"width\":300,\"height\":250,\"caption\":\"FactureHoy\"},\"image\":{\"@id\":\"https:\\\/\\\/www3.facturehoy.com\\\/home\\\/#\\\/schema\\\/logo\\\/image\\\/\"},\"sameAs\":[\"https:\\\/\\\/www.facebook.com\\\/facturehoy\",\"https:\\\/\\\/x.com\\\/FactureHoy\",\"https:\\\/\\\/www.linkedin.com\\\/company\\\/certus-facturehoy\"]}]}<\/script>\n<!-- \/ Yoast SEO plugin. -->","yoast_head_json":{"title":"Producto - Retenciones CFDI - FactureHoy","description":"Retenciones fiscales.\u00a0En FactureHoy desarrollamos e implementamos los complementos de retenciones definidos por el SAT para cubrir tus necesidades.","robots":{"index":"index","follow":"follow","max-snippet":"max-snippet:-1","max-image-preview":"max-image-preview:large","max-video-preview":"max-video-preview:-1"},"canonical":"https:\/\/www3.facturehoy.com\/home\/producto-retenciones-cfdi\/","og_locale":"es_ES","og_type":"article","og_title":"Producto - Retenciones CFDI - FactureHoy","og_description":"Retenciones fiscales.\u00a0En FactureHoy desarrollamos e implementamos los complementos de retenciones definidos por el SAT para cubrir tus necesidades.","og_url":"https:\/\/www3.facturehoy.com\/home\/producto-retenciones-cfdi\/","og_site_name":"FactureHoy","article_publisher":"https:\/\/www.facebook.com\/facturehoy","article_modified_time":"2020-08-04T01:49:52+00:00","og_image":[{"url":"https:\/\/www3.facturehoy.com\/wp-content\/uploads\/2018\/02\/head01.png","type":"","width":"","height":""}],"twitter_card":"summary_large_image","twitter_site":"@FactureHoy","twitter_misc":{"Tiempo de lectura":"9 minutos"},"schema":{"@context":"https:\/\/schema.org","@graph":[{"@type":"WebPage","@id":"https:\/\/www3.facturehoy.com\/home\/producto-retenciones-cfdi\/","url":"https:\/\/www3.facturehoy.com\/home\/producto-retenciones-cfdi\/","name":"Producto - Retenciones CFDI - FactureHoy","isPartOf":{"@id":"https:\/\/www3.facturehoy.com\/home\/#website"},"primaryImageOfPage":{"@id":"https:\/\/www3.facturehoy.com\/home\/producto-retenciones-cfdi\/#primaryimage"},"image":{"@id":"https:\/\/www3.facturehoy.com\/home\/producto-retenciones-cfdi\/#primaryimage"},"thumbnailUrl":"https:\/\/www3.facturehoy.com\/wp-content\/uploads\/2018\/02\/head01.png","datePublished":"2015-06-29T05:37:25+00:00","dateModified":"2020-08-04T01:49:52+00:00","description":"Retenciones fiscales.\u00a0En FactureHoy desarrollamos e implementamos los complementos de retenciones definidos por el SAT para cubrir tus necesidades.","breadcrumb":{"@id":"https:\/\/www3.facturehoy.com\/home\/producto-retenciones-cfdi\/#breadcrumb"},"inLanguage":"es","potentialAction":[{"@type":"ReadAction","target":["https:\/\/www3.facturehoy.com\/home\/producto-retenciones-cfdi\/"]}]},{"@type":"ImageObject","inLanguage":"es","@id":"https:\/\/www3.facturehoy.com\/home\/producto-retenciones-cfdi\/#primaryimage","url":"https:\/\/www3.facturehoy.com\/wp-content\/uploads\/2018\/02\/head01.png","contentUrl":"https:\/\/www3.facturehoy.com\/wp-content\/uploads\/2018\/02\/head01.png"},{"@type":"BreadcrumbList","@id":"https:\/\/www3.facturehoy.com\/home\/producto-retenciones-cfdi\/#breadcrumb","itemListElement":[{"@type":"ListItem","position":1,"name":"Portada","item":"https:\/\/www3.facturehoy.com\/home\/home\/"},{"@type":"ListItem","position":2,"name":"Producto &#8211; Retenciones CFDI"}]},{"@type":"WebSite","@id":"https:\/\/www3.facturehoy.com\/home\/#website","url":"https:\/\/www3.facturehoy.com\/home\/","name":"FactureHoy","description":"Facturar en L\u00ednea","publisher":{"@id":"https:\/\/www3.facturehoy.com\/home\/#organization"},"potentialAction":[{"@type":"SearchAction","target":{"@type":"EntryPoint","urlTemplate":"https:\/\/www3.facturehoy.com\/home\/?s={search_term_string}"},"query-input":{"@type":"PropertyValueSpecification","valueRequired":true,"valueName":"search_term_string"}}],"inLanguage":"es"},{"@type":"Organization","@id":"https:\/\/www3.facturehoy.com\/home\/#organization","name":"FactureHoy","url":"https:\/\/www3.facturehoy.com\/home\/","logo":{"@type":"ImageObject","inLanguage":"es","@id":"https:\/\/www3.facturehoy.com\/home\/#\/schema\/logo\/image\/","url":"https:\/\/www3.facturehoy.com\/wp-content\/uploads\/2019\/06\/NUEVO-PAGINA-LOGO-Recuperado.png","contentUrl":"https:\/\/www3.facturehoy.com\/wp-content\/uploads\/2019\/06\/NUEVO-PAGINA-LOGO-Recuperado.png","width":300,"height":250,"caption":"FactureHoy"},"image":{"@id":"https:\/\/www3.facturehoy.com\/home\/#\/schema\/logo\/image\/"},"sameAs":["https:\/\/www.facebook.com\/facturehoy","https:\/\/x.com\/FactureHoy","https:\/\/www.linkedin.com\/company\/certus-facturehoy"]}]}},"rttpg_featured_image_url":null,"rttpg_author":{"display_name":"Miguel Moreno","author_link":"https:\/\/www3.facturehoy.com\/home\/author\/miguel-moreno\/"},"rttpg_comment":0,"rttpg_category":null,"rttpg_excerpt":null,"_links":{"self":[{"href":"https:\/\/www3.facturehoy.com\/home\/wp-json\/wp\/v2\/pages\/217","targetHints":{"allow":["GET"]}}],"collection":[{"href":"https:\/\/www3.facturehoy.com\/home\/wp-json\/wp\/v2\/pages"}],"about":[{"href":"https:\/\/www3.facturehoy.com\/home\/wp-json\/wp\/v2\/types\/page"}],"author":[{"embeddable":true,"href":"https:\/\/www3.facturehoy.com\/home\/wp-json\/wp\/v2\/users\/11"}],"replies":[{"embeddable":true,"href":"https:\/\/www3.facturehoy.com\/home\/wp-json\/wp\/v2\/comments?post=217"}],"version-history":[{"count":2,"href":"https:\/\/www3.facturehoy.com\/home\/wp-json\/wp\/v2\/pages\/217\/revisions"}],"predecessor-version":[{"id":43672,"href":"https:\/\/www3.facturehoy.com\/home\/wp-json\/wp\/v2\/pages\/217\/revisions\/43672"}],"wp:attachment":[{"href":"https:\/\/www3.facturehoy.com\/home\/wp-json\/wp\/v2\/media?parent=217"}],"curies":[{"name":"wp","href":"https:\/\/api.w.org\/{rel}","templated":true}]}}